{"id":1158,"date":"2022-06-15T07:41:41","date_gmt":"2022-06-15T10:41:41","guid":{"rendered":"https:\/\/nicktesting.kinsta.cloud\/shopdiko1\/?page_id=1158"},"modified":"2024-02-12T02:46:47","modified_gmt":"2024-02-12T05:46:47","slug":"sobre","status":"publish","type":"page","link":"https:\/\/wycosmeticos.com.br\/?page_id=1158","title":{"rendered":"Sobre"},"content":{"rendered":"\t\t<div data-elementor-type=\"wp-page\" data-elementor-id=\"1158\" class=\"elementor elementor-1158\">\n\t\t\t\t<div class=\"elementor-element elementor-element-f825a53 e-con-full e-flex wpr-particle-no wpr-jarallax-no wpr-parallax-no wpr-sticky-section-no e-con e-parent\" data-id=\"f825a53\" data-element_type=\"container\" data-settings=\"{&quot;content_width&quot;:&quot;full&quot;}\" data-core-v316-plus=\"true\">\n\t\t\t\t<div class=\"elementor-element elementor-element-d33fd71 elementor-widget__width-inherit wpr-adv-slider-columns-1 wpr-adv-slider-columns--laptop1 wpr-adv-slider-columns--tablet1 wpr-adv-slider-columns--mobile1 wpr-adv-slides-to-scroll-1 wpr-slider-dots-horizontal elementor-widget elementor-widget-wpr-advanced-slider\" data-id=\"d33fd71\" data-element_type=\"widget\" data-settings=\"{&quot;slider_amount&quot;:1,&quot;slider_amount_laptop&quot;:1,&quot;slider_amount_tablet&quot;:1,&quot;slider_amount_mobile&quot;:1,&quot;slides_to_scroll&quot;:1,&quot;slider_loop&quot;:&quot;yes&quot;,&quot;slider_video_btn_size&quot;:&quot;medium&quot;}\" data-widget_type=\"wpr-advanced-slider.default\">\n\t\t\t\t<div class=\"elementor-widget-container\">\n\t\t\t\n\t\t<!-- Advanced Slider -->\n\t\t<div class=\"wpr-advanced-slider-wrap\">\n\t\t\t\n\t\t\t<div class=\"wpr-advanced-slider\" dir=\"ltr\" data-slick=\"{&quot;rtl&quot;:false,&quot;infinite&quot;:true,&quot;speed&quot;:700,&quot;arrows&quot;:true,&quot;dots&quot;:true,&quot;autoplay&quot;:false,&quot;autoplaySpeed&quot;:0,&quot;pauseOnHover&quot;:&quot;&quot;,&quot;prevArrow&quot;:&quot;#wpr-slider-prev-d33fd71&quot;,&quot;nextArrow&quot;:&quot;#wpr-slider-next-d33fd71&quot;,&quot;vertical&quot;:false,&quot;adaptiveHeight&quot;:true}\" data-video-btn-size=\"{&quot;widescreen&quot;:&quot;medium&quot;,&quot;desktop&quot;:&quot;medium&quot;,&quot;laptop&quot;:&quot;medium&quot;,&quot;tablet_extra&quot;:&quot;medium&quot;,&quot;tablet&quot;:&quot;medium&quot;,&quot;mobile_extra&quot;:&quot;medium&quot;,&quot;mobile&quot;:&quot;medium&quot;}\" data-slide-effect=\"slide\">\n\t\t\t\t<div class=\"wpr-slider-item elementor-repeater-item-9ecc674\"><div class=\"wpr-slider-item-bg \" style=\"background-image: url(https:\/\/wycosmeticos.com.br\/wp-content\/uploads\/2024\/02\/vecteezy_ai-gerado-lindo-jovem-mulher-dentro-rosa-seda-lenco-beleza_36153971-1-scaled.jpg)\"><\/div><div class=\"wpr-slider-item-overlay\"><\/div><div class=\"wpr-cv-container\"><div class=\"wpr-cv-outer\"><div class=\"wpr-cv-inner\"><div class=\"wpr-slider-content\"><div class=\"wpr-slider-title\"><h2>Bem-vindo \u00e0 WY Cosm\u00e9ticos!<\/h2><\/div><div class=\"wpr-slider-sub-title\"><h3>Fundada em 2019 e sediada na vibrante cidade de S\u00e3o Paulo, a WY Cosm\u00e9ticos \u00e9 uma empresa apaixonada por beleza e inova\u00e7\u00e3o. Especializada no desenvolvimento e venda de produtos de retoque capilar e balm labial, estamos comprometidos em oferecer solu\u00e7\u00f5es de alta qualidade a pre\u00e7os competitivos.<\/h3><\/div><div class=\"wpr-slider-description\"><p>Nosso foco principal est\u00e1 em fornecer produtos excepcionais para distribuidores, perfumarias e redes de farm\u00e1cias, garantindo que nossos clientes tenham acesso f\u00e1cil aos nossos produtos em todo o Brasil. Acreditamos que a qualidade n\u00e3o deve ser um luxo, mas sim uma parte acess\u00edvel e essencial da rotina de beleza de todos.<\/p><\/div><div class=\"wpr-slider-btns\"><\/div><\/div><\/div><\/div><\/div><\/div>\t\t\t<\/div>\n\t\t\t<div class=\"wpr-slider-controls\">\n\t\t\t\t<div class=\"wpr-slider-dots\"><\/div>\n\t\t\t<\/div>\n\n\t\t\t<div class=\"wpr-slider-arrow-container\">\n\t\t\t\t<div class=\"wpr-slider-prev-arrow wpr-slider-arrow\" id=\"wpr-slider-prev-d33fd71\">\n\t\t\t\t\t<svg version=\"1.1\" xmlns=\"http:\/\/www.w3.org\/2000\/svg\" xmlns:xlink=\"http:\/\/www.w3.org\/1999\/xlink\" x=\"0px\" y=\"0px\" viewBox=\"0 0 283.4 512\" style=\"enable-background:new 0 0 283.4 512;\" xml:space=\"preserve\"><g><polygon class=\"st0\" points=\"54.5,256.3 283.4,485.1 256.1,512.5 0,256.3 0,256.3 27.2,229 256.1,0 283.4,27.4 \"\/><\/g><\/svg>\t\t\t\t<\/div>\n\t\t\t\t<div class=\"wpr-slider-next-arrow wpr-slider-arrow\" id=\"wpr-slider-next-d33fd71\">\n\t\t\t\t\t<svg version=\"1.1\" xmlns=\"http:\/\/www.w3.org\/2000\/svg\" xmlns:xlink=\"http:\/\/www.w3.org\/1999\/xlink\" x=\"0px\" y=\"0px\" viewBox=\"0 0 283.4 512\" style=\"enable-background:new 0 0 283.4 512;\" xml:space=\"preserve\"><g><polygon class=\"st0\" points=\"54.5,256.3 283.4,485.1 256.1,512.5 0,256.3 0,256.3 27.2,229 256.1,0 283.4,27.4 \"\/><\/g><\/svg>\t\t\t\t<\/div>\n\t\t\t<\/div>\n\t\t\t\n\t\t\t\n\t\t<\/div>\n\t\t\t\t<\/div>\n\t\t\t\t<\/div>\n\t\t\t\t<\/div>\n\t\t<div class=\"elementor-element elementor-element-c39279c e-flex e-con-boxed wpr-particle-no wpr-jarallax-no wpr-parallax-no wpr-sticky-section-no e-con e-parent\" data-id=\"c39279c\" data-element_type=\"container\" data-settings=\"{&quot;content_width&quot;:&quot;boxed&quot;}\" data-core-v316-plus=\"true\">\n\t\t\t\t\t<div class=\"e-con-inner\">\n\t\t<div class=\"elementor-element elementor-element-dafbc24 e-con-full e-flex wpr-particle-no wpr-jarallax-no wpr-parallax-no wpr-sticky-section-no e-con e-child\" data-id=\"dafbc24\" data-element_type=\"container\" data-settings=\"{&quot;content_width&quot;:&quot;full&quot;}\">\n\t\t\t\t<div class=\"elementor-element elementor-element-c06da7d elementor-widget elementor-widget-text-editor\" data-id=\"c06da7d\" data-element_type=\"widget\" data-widget_type=\"text-editor.default\">\n\t\t\t\t<div class=\"elementor-widget-container\">\n\t\t\t<style>\/*! elementor - v3.19.0 - 07-02-2024 *\/\n.elementor-widget-text-editor.elementor-drop-cap-view-stacked .elementor-drop-cap{background-color:#69727d;color:#fff}.elementor-widget-text-editor.elementor-drop-cap-view-framed .elementor-drop-cap{color:#69727d;border:3px solid;background-color:transparent}.elementor-widget-text-editor:not(.elementor-drop-cap-view-default) .elementor-drop-cap{margin-top:8px}.elementor-widget-text-editor:not(.elementor-drop-cap-view-default) .elementor-drop-cap-letter{width:1em;height:1em}.elementor-widget-text-editor .elementor-drop-cap{float:left;text-align:center;line-height:1;font-size:50px}.elementor-widget-text-editor .elementor-drop-cap-letter{display:inline-block}<\/style>\t\t\t\t<p><span style=\"font-style: var( --e-global-typography-text-font-style ); letter-spacing: var( --e-global-typography-text-letter-spacing ); text-transform: var( --e-global-typography-text-text-transform );\">Na WY Cosm\u00e9ticos, valorizamos a excel\u00eancia em tudo o que fazemos. Desde a sele\u00e7\u00e3o cuidadosa de ingredientes de alta qualidade at\u00e9 os rigorosos padr\u00f5es de fabrica\u00e7\u00e3o e embalagem, cada produto que criamos \u00e9 desenvolvido com paix\u00e3o e compromisso com a satisfa\u00e7\u00e3o do cliente.<\/span><\/p>\n<p>Nosso objetivo \u00e9 oferecer n\u00e3o apenas produtos de beleza, mas tamb\u00e9m uma experi\u00eancia de compra excepcional. Estamos sempre buscando maneiras de inovar e melhorar, para que voc\u00ea possa confiar na WY Cosm\u00e9ticos para fornecer solu\u00e7\u00f5es que atendam \u00e0s suas necessidades e superem suas expectativas.<\/p>\n<p>Agradecemos por escolher a WY Cosm\u00e9ticos como sua parceira em cuidados pessoais e beleza. Estamos ansiosos para continuar a crescer e evoluir juntos, trazendo o melhor em beleza acess\u00edvel para todos.<\/p>\n<p>Equipe WY Cosm\u00e9ticos.<\/p>\t\t\t\t\t\t<\/div>\n\t\t\t\t<\/div>\n\t\t\t\t<\/div>\n\t\t\t\t\t<\/div>\n\t\t\t\t<\/div>\n\t\t\t\t<\/div>\n\t\t","protected":false},"excerpt":{"rendered":"<p>Bem-vindo \u00e0 WY Cosm\u00e9ticos! Fundada em 2019 e sediada na vibrante cidade de S\u00e3o Paulo, a WY Cosm\u00e9ticos \u00e9 uma empresa apaixonada por beleza e inova\u00e7\u00e3o. Especializada no desenvolvimento e venda de produtos de retoque capilar e balm labial, estamos comprometidos em oferecer solu\u00e7\u00f5es de alta qualidade a pre\u00e7os competitivos. Nosso foco principal est\u00e1 em [&hellip;]<\/p>\n","protected":false},"author":1,"featured_media":0,"parent":0,"menu_order":0,"comment_status":"closed","ping_status":"closed","template":"elementor_canvas","meta":{"footnotes":""},"_links":{"self":[{"href":"https:\/\/wycosmeticos.com.br\/index.php?rest_route=\/wp\/v2\/pages\/1158"}],"collection":[{"href":"https:\/\/wycosmeticos.com.br\/index.php?rest_route=\/wp\/v2\/pages"}],"about":[{"href":"https:\/\/wycosmeticos.com.br\/index.php?rest_route=\/wp\/v2\/types\/page"}],"author":[{"embeddable":true,"href":"https:\/\/wycosmeticos.com.br\/index.php?rest_route=\/wp\/v2\/users\/1"}],"replies":[{"embeddable":true,"href":"https:\/\/wycosmeticos.com.br\/index.php?rest_route=%2Fwp%2Fv2%2Fcomments&post=1158"}],"version-history":[{"count":43,"href":"https:\/\/wycosmeticos.com.br\/index.php?rest_route=\/wp\/v2\/pages\/1158\/revisions"}],"predecessor-version":[{"id":2792,"href":"https:\/\/wycosmeticos.com.br\/index.php?rest_route=\/wp\/v2\/pages\/1158\/revisions\/2792"}],"wp:attachment":[{"href":"https:\/\/wycosmeticos.com.br\/index.php?rest_route=%2Fwp%2Fv2%2Fmedia&parent=1158"}],"curies":[{"name":"wp","href":"https:\/\/api.w.org\/{rel}","templated":true}]}}